{"id":18,"date":"2020-09-24T21:53:47","date_gmt":"2020-09-24T21:53:47","guid":{"rendered":"https:\/\/hartkorn-design.de\/?page_id=18"},"modified":"2025-02-24T19:12:27","modified_gmt":"2025-02-24T19:12:27","slug":"home","status":"publish","type":"page","link":"https:\/\/hartkorn-design.de\/","title":{"rendered":"Home"},"content":{"rendered":"\n<div style=\"height:20px\" aria-hidden=\"true\" class=\"wp-block-spacer\"><\/div>\n\n\n\n<div class=\"wp-block-columns are-vertically-aligned-top is-layout-flex wp-container-core-columns-is-layout-9d6595d7 wp-block-columns-is-layout-flex\">\n<div class=\"wp-block-column is-vertically-aligned-top is-layout-flow wp-block-column-is-layout-flow\">\n<h2 class=\"wp-block-heading\">Kreative L\u00f6sungen<\/h2>\n\n\n\n<p>Als freiberufliche Grafik-Designerin erarbeite ich schwerpunktm\u00e4\u00dfig individuelle L\u00f6sungen im Printbereich.<\/p>\n<p>Ich entwickle anhand der W\u00fcnsche und Bed\u00fcrfnisse Ihrer Zielgruppe eine kreative und informative Konzeption und Gestaltung f\u00fcr Unternehmen, Vereine und Privatleute.<\/p>\n\n\n\n<p><\/p>\n<\/div>\n\n\n\n<div class=\"wp-block-column is-vertically-aligned-top is-layout-flow wp-block-column-is-layout-flow\">\n<h2 class=\"wp-block-heading\">Beratung, Konzeption, Gestaltung<\/h2>\n\n\n\n<p>Ob Gesch\u00e4ftspapierausstattung, Imagebrosch\u00fcren, Mailings, flyer, Logos, Kalender, Plakate, Infotafeln, jede Kommunikation setzt Anforderungen an das Design.<br \/>Von eleganten bis provokanten Werbeflyern, \u00fcber individuelle Gru\u00df- und Gl\u00fcckwunschkarten, Gutscheine, Postern bis zur Gr\u00f6\u00dfe A0, Visiten- und Bonuskarten ist alles m\u00f6glich.<\/p>\n<ul>\n<li style=\"list-style-type: none;\">\n<ul>\n<li><span class=\"green\">Corporate Design<\/span><\/li>\n<li><span class=\"green\">Logodesign<\/span><\/li>\n<li><span class=\"green\">Printdesign<\/span><\/li>\n<li><span class=\"green\">Webdesign<\/span><\/li>\n<\/ul>\n<\/li>\n<\/ul>\n<\/div>\n<\/div>\n\n\n\n<figure class=\"wp-block-image size-large\"><img loading=\"lazy\" decoding=\"async\" width=\"567\" height=\"401\" src=\"https:\/\/hartkorn-design.de\/wp-content\/uploads\/2020\/09\/Katze-m.-Vogel_web2.jpg\" alt=\"\" class=\"wp-image-135\" srcset=\"https:\/\/hartkorn-design.de\/wp-content\/uploads\/2020\/09\/Katze-m.-Vogel_web2.jpg 567w, https:\/\/hartkorn-design.de\/wp-content\/uploads\/2020\/09\/Katze-m.-Vogel_web2-300x212.jpg 300w\" sizes=\"auto, (max-width: 567px) 100vw, 567px\" \/><\/figure>\n\n\n\n<blockquote class=\"wp-block-quote\"><p><code>Gutes Design sendet Botschaften, lange bevor Informationen gelesen werden k\u00f6nnen.<\/code><\/p><code>Karl-Heinz Karius<\/code><\/blockquote>\n\n\n\n<p><\/p>\n","protected":false},"excerpt":{"rendered":"<p>Kreative L\u00f6sungen Als freiberufliche Grafik-Designerin erarbeite ich schwerpunktm\u00e4\u00dfig individuelle L\u00f6sungen im Printbereich. Ich entwickle anhand der W\u00fcnsche und Bed\u00fcrfnisse Ihrer Zielgruppe eine kreative und informative Konzeption und Gestaltung f\u00fcr Unternehmen, Vereine und Privatleute. Beratung, Konzeption, Gestaltung Ob Gesch\u00e4ftspapierausstattung, Imagebrosch\u00fcren, Mailings, flyer, Logos, Kalender, Plakate, Infotafeln, jede Kommunikation setzt Anforderungen an das Design.Von eleganten bis provokanten &hellip; <\/p>\n<p class=\"link-more\"><a href=\"https:\/\/hartkorn-design.de\/\" class=\"more-link\"><span class=\"screen-reader-text\">\u201eHome\u201c <\/span>weiterlesen<\/a><\/p>\n","protected":false},"author":1,"featured_media":0,"parent":0,"menu_order":0,"comment_status":"closed","ping_status":"closed","template":"","meta":{"footnotes":""},"class_list":["post-18","page","type-page","status-publish","hentry"],"_links":{"self":[{"href":"https:\/\/hartkorn-design.de\/index.php?rest_route=\/wp\/v2\/pages\/18","targetHints":{"allow":["GET"]}}],"collection":[{"href":"https:\/\/hartkorn-design.de\/index.php?rest_route=\/wp\/v2\/pages"}],"about":[{"href":"https:\/\/hartkorn-design.de\/index.php?rest_route=\/wp\/v2\/types\/page"}],"author":[{"embeddable":true,"href":"https:\/\/hartkorn-design.de\/index.php?rest_route=\/wp\/v2\/users\/1"}],"replies":[{"embeddable":true,"href":"https:\/\/hartkorn-design.de\/index.php?rest_route=%2Fwp%2Fv2%2Fcomments&post=18"}],"version-history":[{"count":32,"href":"https:\/\/hartkorn-design.de\/index.php?rest_route=\/wp\/v2\/pages\/18\/revisions"}],"predecessor-version":[{"id":309,"href":"https:\/\/hartkorn-design.de\/index.php?rest_route=\/wp\/v2\/pages\/18\/revisions\/309"}],"wp:attachment":[{"href":"https:\/\/hartkorn-design.de\/index.php?rest_route=%2Fwp%2Fv2%2Fmedia&parent=18"}],"curies":[{"name":"wp","href":"https:\/\/api.w.org\/{rel}","templated":true}]}}