{"id":129,"date":"2020-09-25T22:24:13","date_gmt":"2020-09-25T22:24:13","guid":{"rendered":"https:\/\/hartkorn-design.de\/?page_id=129"},"modified":"2025-05-07T21:42:37","modified_gmt":"2025-05-07T21:42:37","slug":"leistungen","status":"publish","type":"page","link":"https:\/\/hartkorn-design.de\/?page_id=129","title":{"rendered":"Leistungen"},"content":{"rendered":"\n<h2 class=\"wp-block-heading\">Service, Beratung &amp; Leistungen<\/h2>\n\n\n\n<p>Ich berate Sie gerne und setze Ihre Vorstellungen individuell um. Bei mir treffen Sie mit Ihren Ideen und W\u00fcnschen auf offene Ohren. Konzeption und Strategie besprechen wir zusammen.<\/p>\n\n\n<p>Vorteile:<\/p>\n<ul>\n<li style=\"list-style-type: none;\">\n<ul>\n<li><span class=\"green\">Direkter Ansprechpartner<br \/><\/span><\/li>\n<li><span class=\"green\">Kurze Entscheidungswege<br \/><\/span><\/li>\n<li><span class=\"green\">Flexibel<\/span><\/li>\n<li><span class=\"green\">Vielseitig<\/span><\/li>\n<li>Zuverl\u00e4ssig<\/li>\n<li>Kreativ<\/li>\n<li>Individuell<\/li>\n<\/ul>\n<\/li>\n<\/ul>\n\n\n<p>Meine Einsatzgebiete sind zum Beispiel bei:<\/p>\n\n\n\n<p>Corporate Design = | Identit\u00e4t&nbsp;| Konzeption&nbsp;| Logo | Hausschrift&nbsp;| Bildsprache&nbsp;| Farbkonzept <\/p>\n\n\n\n<p>Printdesign = | Flyer &amp; Plakate&nbsp;| Visitenkarten |&nbsp;Brosch\u00fcren |&nbsp;Illustrationen | Anzeigen<\/p>\n\n\n\n<p>Werbetechnik = RollUps | Banner\/ Planen | Infotafeln<\/p>\n\n\n\n<p>Rund um\u00b4s B\u00fcro =&nbsp;| Briefb\u00f6gen\/ Rechnungsb\u00f6gen | Visitenkarten&nbsp;| Briefumschl\u00e4ge |&nbsp;Bl\u00f6cke&nbsp;| Mappen |&nbsp;Aufkleber<\/p>\n","protected":false},"excerpt":{"rendered":"<p>Service, Beratung &amp; Leistungen Ich berate Sie gerne und setze Ihre Vorstellungen individuell um. Bei mir treffen Sie mit Ihren Ideen und W\u00fcnschen auf offene Ohren. Konzeption und Strategie besprechen wir zusammen. Vorteile: Direkter Ansprechpartner Kurze Entscheidungswege Flexibel Vielseitig Zuverl\u00e4ssig Kreativ Individuell Meine Einsatzgebiete sind zum Beispiel bei: Corporate Design = | Identit\u00e4t&nbsp;| Konzeption&nbsp;| Logo &hellip; <\/p>\n<p class=\"link-more\"><a href=\"https:\/\/hartkorn-design.de\/?page_id=129\" class=\"more-link\"><span class=\"screen-reader-text\">\u201eLeistungen\u201c <\/span>weiterlesen<\/a><\/p>\n","protected":false},"author":1,"featured_media":0,"parent":0,"menu_order":0,"comment_status":"closed","ping_status":"closed","template":"","meta":{"footnotes":""},"class_list":["post-129","page","type-page","status-publish","hentry"],"_links":{"self":[{"href":"https:\/\/hartkorn-design.de\/index.php?rest_route=\/wp\/v2\/pages\/129","targetHints":{"allow":["GET"]}}],"collection":[{"href":"https:\/\/hartkorn-design.de\/index.php?rest_route=\/wp\/v2\/pages"}],"about":[{"href":"https:\/\/hartkorn-design.de\/index.php?rest_route=\/wp\/v2\/types\/page"}],"author":[{"embeddable":true,"href":"https:\/\/hartkorn-design.de\/index.php?rest_route=\/wp\/v2\/users\/1"}],"replies":[{"embeddable":true,"href":"https:\/\/hartkorn-design.de\/index.php?rest_route=%2Fwp%2Fv2%2Fcomments&post=129"}],"version-history":[{"count":8,"href":"https:\/\/hartkorn-design.de\/index.php?rest_route=\/wp\/v2\/pages\/129\/revisions"}],"predecessor-version":[{"id":311,"href":"https:\/\/hartkorn-design.de\/index.php?rest_route=\/wp\/v2\/pages\/129\/revisions\/311"}],"wp:attachment":[{"href":"https:\/\/hartkorn-design.de\/index.php?rest_route=%2Fwp%2Fv2%2Fmedia&parent=129"}],"curies":[{"name":"wp","href":"https:\/\/api.w.org\/{rel}","templated":true}]}}