{"id":101,"date":"2020-09-25T20:11:25","date_gmt":"2020-09-25T20:11:25","guid":{"rendered":"https:\/\/hartkorn-design.de\/?page_id=101"},"modified":"2020-09-26T22:08:13","modified_gmt":"2020-09-26T22:08:13","slug":"datenschutz","status":"publish","type":"page","link":"https:\/\/hartkorn-design.de\/?page_id=101","title":{"rendered":"Datenschutz"},"content":{"rendered":"\n<h3 class=\"wp-block-heading\">Datenschutzerkl\u00e4rung<\/h3>\n\n\n\n<p><strong>I. Information \u00fcber die Erhebung personenbezogener Daten<\/strong><\/p>\n\n\n\n<p>(1) Nachfolgend informiere ich \u00fcber die Datenerhebung bei Nutzung meiner Website, insbesondere hinsichtlich personenbezogener Daten. Personenbezogene Daten sind alle Daten, die auf Sie pers\u00f6nlich beziehbar sind, wie beispielsweise Name, Adresse, E-Mail-Adressen, Nutzerverhalten.<\/p>\n\n\n\n<p>(2) Verantwortlicher gem. Art. 4 Abs.7 EU-Datenschutz-Grundverordnung (DS-GVO) ist Andrea Hartkorn<br>Beethovenstr. 2<br>68623 Lampertheim <\/p>\n\n\n\n<p>Tel. 06206 | 9510473<br> info[at]hartkorn-design.de<br>www.hartkorn-design.de<\/p>\n\n\n\n<p>(3) Bei Ihrer Kontaktaufnahme mit mir \u00fcber das Kontaktformular oder per E-Mail werden Ihre Daten (Name, E-Mail-Adresse) von mir gespeichert. Die Angabe weiterer Informationen ist freiwillig und erleichtern mir lediglich die Kontaktaufnahme zur Beantwortung Ihres Anliegens. Diese Daten werden gel\u00f6scht, sobald die Speicherung nicht mehr erforderlich ist. Falls gesetzliche Aufbewahrungspflichten bestehen, wird die Verarbeitung der Daten eingeschr\u00e4nkt.<\/p>\n\n\n\n<p>(4) Falls ich auf beauftragte Dienstleister zur\u00fcckgreifen oder Ihre Daten f\u00fcr werbliche Zwecke nutzen m\u00f6chte, werde ich Sie nachfolgend im Detail \u00fcber die jeweiligen Vorg\u00e4nge informieren. Dabei nenne ich auch die festgelegten Kriterien der Speicherdauer.<\/p>\n\n\n\n<p><strong>II. Ihre Rechte<\/strong><\/p>\n\n\n\n<p>(1) Sie haben gegen\u00fcber mir folgende Rechte hinsichtlich der Sie betreffenden personenbezogenen Daten:<br>\u2013Recht auf Auskunft,<br>\u2013Recht auf Berichtigung oder L\u00f6schung,<br>\u2013Recht auf Einschr\u00e4nkung der Verarbeitung,<br>\u2013Recht auf Widerspruch gegen die Verarbeitung,<br>\u2013Recht auf Daten\u00fcbertragbarkeit.<\/p>\n\n\n\n<p>(2) Sie haben dar\u00fcber hinaus das Recht, sich bei einer Datenschutz-Aufsichtsbeh\u00f6rde \u00fcber die Verarbeitung Ihrer personenbezogenen Daten durch mich zu beschweren.<\/p>\n\n\n\n<p><strong>III. Erhebung personenbezogener Daten bei Besuch meiner Website<\/strong><\/p>\n\n\n\n<p>(1) Bei rein informatorischer Nutzung der Website, also wenn Sie sich nicht registrieren oder mich anderweitig Informationen \u00fcbermitteln, erhebe ich nur die personenbezogenen Daten, die Ihr Browser an meinen Server \u00fcbermittelt. Wenn Sie meine Website \u00f6ffnen, erhebe ich Daten, die f\u00fcr mich technisch erforderlich sind, um Ihnen meine Website anzuzeigen und die Stabilit\u00e4t und Sicherheit zu gew\u00e4hrleisten (Rechtsgrundlage ist Art. 6 Abs. 1 S. 1 lit. f DS-GVO). Dies sind:<\/p>\n\n\n\n<p>\u2013IP-Adresse<br>\u2013Datum und Uhrzeit der Anfrage<br>\u2013Zeitzonendifferenz zur Greenwich Mean Time (GMT)<br>\u2013Inhalt der Anforderung (konkrete Seite)<br>\u2013Zugriffsstatus\/HTTP-Statuscode<br>\u2013jeweils \u00fcbertragene Datenmenge<br>\u2013Website, von der die Anforderung kommt<br>\u2013Browser<br>\u2013Betriebssystem und dessen Oberfl\u00e4che<br>\u2013Sprache und Version der Browsersoftware.<\/p>\n\n\n\n<p>(2) Zus\u00e4tzlich zu den zuvor genannten Daten werden bei Nutzung meiner Website Cookies auf Ihrem Rechner gespeichert. Cookies sind kleine Textdateien, die auf Ihrer Festplatte dem von Ihnen verwendeten Browser zugeordnet gespeichert werden und durch welche der Stelle, die den Cookie setzt, also in diesem Fall durch mich, bestimmte Informationen zuflie\u00dfen. Cookies k\u00f6nnen keine Programme ausf\u00fchren oder Viren auf Ihren Computer \u00fcbertragen. Sie dienen dazu, das Internetangebot insgesamt nutzerfreundlicher und effektiver zu machen.<\/p>\n\n\n\n<p>(3) Einsatz von Cookies:<br>a) Meine Website nutzt folgende Arten von Cookies, deren Umfang und Funktionsweise im Folgenden erl\u00e4utert werden:<br>\u2013Transiente Cookies (dazu b)<br>\u2013Persistente Cookies (dazu c).<\/p>\n\n\n\n<p>b)Transiente Cookies werden automatisiert gel\u00f6scht, wenn Sie den Browser schlie\u00dfen. Dazu z\u00e4hlen insbesondere die Session-Cookies. Diese speichern eine sogenannte Session-ID, mit welcher sich verschiedene Anfragen Ihres Browsers der gemeinsamen Sitzung zuordnen lassen. Dadurch kann Ihr Rechner wiedererkannt werden, wenn Sie auf meine Website zur\u00fcckkehren. Die Session-Cookies werden gel\u00f6scht, wenn Sie sich ausloggen oder den Browser schlie\u00dfen.<\/p>\n\n\n\n<p>c) Persistente Cookies werden automatisiert nach einer vorgegebenen Dauer gel\u00f6scht, die sich je nach Cookie unterscheiden kann. Sie k\u00f6nnen die Cookies in den Sicherheitseinstellungen Ihres Browsers jederzeit l\u00f6schen.<\/p>\n\n\n\n<p>d) Sie k\u00f6nnen Ihre Browser-Einstellung entsprechend Ihren W\u00fcnschen konfigurieren und z.\u2009B. die Annahme von Third-Party-Cookies oder allen Cookies ablehnen. In diesem Fall k\u00f6nnen Sie eventuell nicht alle Funktionen dieser Website nutzen.<\/p>\n\n\n\n<p>e) Ich setze Cookies ein, um Sie f\u00fcr Folgebesuche identifizieren zu k\u00f6nnen, falls Sie \u00fcber einen Account bei mir verf\u00fcgen. Andernfalls m\u00fcssten Sie sich f\u00fcr jeden Besuch erneut einloggen.<\/p>\n\n\n\n<p><strong>IV. Weitere Funktionen und Angebote meiner Website<\/strong><\/p>\n\n\n\n<p>(1) Neben der einfachen informatorischen Nutzung meiner Website biete ich verschiedene Leistungen an, die Sie bei Interesse nutzen k\u00f6nnen. Dazu m\u00fcssen Sie in der Regel weitere personenbezogene Daten angeben, die ich zur Erbringung der jeweiligen Leistung nutzen und f\u00fcr die die zuvor genannten Grunds\u00e4tze zur Datenverarbeitung gelten.<\/p>\n\n\n\n<p>(2) Sofern ich externe Dienstleister beauftragen und diese Ihre Daten verarbeiten, wurden die Dienstleister sorgf\u00e4ltig ausgew\u00e4hlt. Die Dienstleister sind an meine Weisungen gebunden und werden regelm\u00e4\u00dfig kontrolliert.<\/p>\n\n\n\n<p>(3) Weiterhin kann ich Ihre personenbezogenen Daten an Dritte weitergeben, wenn Aktionen, Gewinnspiele, Vertragsabschl\u00fcsse oder \u00e4hnliche Leistungen von mir gemeinsam mit Partnern angeboten werden. Weitere Informationen hierzu erhalten Sie bei Angabe Ihrer personenbezogenen Daten.<\/p>\n\n\n\n<p>(4) Soweit meine Dienstleister oder Partner ihren Sitz in einem Staat au\u00dferhalb des Europ\u00e4ischen Wirtschaftsraumen (EWR) haben, informiere ich Sie \u00fcber die Folgen dieses Umstands in der Beschreibung des Angebotes.<\/p>\n\n\n\n<p><strong>V. Widerspruch oder Widerruf gegen die Verarbeitung Ihrer Daten<\/strong><\/p>\n\n\n\n<p>(1) Falls Sie eine Einwilligung zur Verarbeitung Ihrer Daten erteilt haben, k\u00f6nnen Sie diese jederzeit widerrufen. Ein solcher Widerruf beeinflusst die Zul\u00e4ssigkeit der Verarbeitung Ihrer personenbezogenen Daten, sobald Sie ihn gegen\u00fcber mir ausgesprochen haben.<\/p>\n\n\n\n<p>(2) Soweit ich die Verarbeitung Ihrer personenbezogenen Daten auf die Interessenabw\u00e4gung st\u00fctzen, k\u00f6nnen Sie Widerspruch gegen die Verarbeitung einlegen. Dies ist der Fall, wenn die Verarbeitung insbesondere nicht zur Erf\u00fcllung eines Vertrags mit Ihnen erforderlich ist, was von mir jeweils bei der nachfolgenden Beschreibung der Funktionen dargestellt wird. Bei Aus\u00fcbung eines solchen Widerspruchs bitte ich um Darlegung der Gr\u00fcnde, weshalb ich Ihre personenbezogenen Daten nicht wie von mir durchgef\u00fchrt verarbeiten sollten. Im Falle Ihres begr\u00fcndeten Widerspruchs pr\u00fcfe ich die Sachlage und werden entweder die Datenverarbeitung einstellen bzw. anpassen oder Ihnen meine zwingenden schutzw\u00fcrdigen Gr\u00fcnde aufzeigen, aufgrund derer wir die Verarbeitung fortf\u00fchren.<\/p>\n\n\n\n<p>(3) Selbstverst\u00e4ndlich k\u00f6nnen Sie der Verarbeitung Ihrer personenbezogenen Daten f\u00fcr Zwecke der Werbung und Datenanalyse jederzeit widersprechen. \u00dcber Ihren Werbewiderspruch k\u00f6nnen Sie mich unter folgenden Kontaktdaten informieren: <\/p>\n\n\n<p>Andrea Hartkorn<br data-rich-text-line-break=\"true\" \/>Beethovenstr. 2<br data-rich-text-line-break=\"true\" \/>68623 Lampertheim<\/p>\n\n<p>Tel. 06206 | 9510473<br data-rich-text-line-break=\"true\" \/>info[at]hartkorn-design.de<br data-rich-text-line-break=\"true\" \/>www.hartkorn-design.de<\/p>","protected":false},"excerpt":{"rendered":"<p>Datenschutzerkl\u00e4rung I. Information \u00fcber die Erhebung personenbezogener Daten (1) Nachfolgend informiere ich \u00fcber die Datenerhebung bei Nutzung meiner Website, insbesondere hinsichtlich personenbezogener Daten. Personenbezogene Daten sind alle Daten, die auf Sie pers\u00f6nlich beziehbar sind, wie beispielsweise Name, Adresse, E-Mail-Adressen, Nutzerverhalten. (2) Verantwortlicher gem. Art. 4 Abs.7 EU-Datenschutz-Grundverordnung (DS-GVO) ist Andrea HartkornBeethovenstr. 268623 Lampertheim Tel. 06206 &hellip; <\/p>\n<p class=\"link-more\"><a href=\"https:\/\/hartkorn-design.de\/?page_id=101\" class=\"more-link\"><span class=\"screen-reader-text\">\u201eDatenschutz\u201c <\/span>weiterlesen<\/a><\/p>\n","protected":false},"author":1,"featured_media":0,"parent":0,"menu_order":0,"comment_status":"closed","ping_status":"closed","template":"","meta":{"footnotes":""},"class_list":["post-101","page","type-page","status-publish","hentry"],"_links":{"self":[{"href":"https:\/\/hartkorn-design.de\/index.php?rest_route=\/wp\/v2\/pages\/101","targetHints":{"allow":["GET"]}}],"collection":[{"href":"https:\/\/hartkorn-design.de\/index.php?rest_route=\/wp\/v2\/pages"}],"about":[{"href":"https:\/\/hartkorn-design.de\/index.php?rest_route=\/wp\/v2\/types\/page"}],"author":[{"embeddable":true,"href":"https:\/\/hartkorn-design.de\/index.php?rest_route=\/wp\/v2\/users\/1"}],"replies":[{"embeddable":true,"href":"https:\/\/hartkorn-design.de\/index.php?rest_route=%2Fwp%2Fv2%2Fcomments&post=101"}],"version-history":[{"count":14,"href":"https:\/\/hartkorn-design.de\/index.php?rest_route=\/wp\/v2\/pages\/101\/revisions"}],"predecessor-version":[{"id":198,"href":"https:\/\/hartkorn-design.de\/index.php?rest_route=\/wp\/v2\/pages\/101\/revisions\/198"}],"wp:attachment":[{"href":"https:\/\/hartkorn-design.de\/index.php?rest_route=%2Fwp%2Fv2%2Fmedia&parent=101"}],"curies":[{"name":"wp","href":"https:\/\/api.w.org\/{rel}","templated":true}]}}